{"id":795,"date":"2021-11-25T15:28:49","date_gmt":"2021-11-25T14:28:49","guid":{"rendered":"https:\/\/www.coquelle.pro\/travailler-chez-coquelle\/"},"modified":"2022-02-17T11:51:13","modified_gmt":"2022-02-17T10:51:13","slug":"praca-w-coquelle","status":"publish","type":"page","link":"https:\/\/www.coquelle.pro\/pl\/praca-w-coquelle\/","title":{"rendered":"Praca w Coquelle"},"content":{"rendered":"","protected":false},"excerpt":{"rendered":"","protected":false},"author":1,"featured_media":0,"parent":0,"menu_order":8,"comment_status":"closed","ping_status":"closed","template":"","meta":{"inline_featured_image":false},"categories":[],"acf":[],"yoast_head":"<!-- This site is optimized with the Yoast SEO plugin v20.4 - https:\/\/yoast.com\/wordpress\/plugins\/seo\/ -->\n<title>Praca w Coquelle - Coquelle<\/title>\n<meta name=\"description\" content=\"Grupa Coquelle sk\u0142ada si\u0119 z kilku agencji wielko\u015bci cz\u0142owieka, kt\u00f3re zarz\u0105dzaj\u0105 \u015brednio 50 pojazdami, aby zapewni\u0107 s\u0142uchanie i blisko\u015b\u0107\" \/>\n<meta name=\"robots\" content=\"index, follow, max-snippet:-1, max-image-preview:large, max-video-preview:-1\" \/>\n<link rel=\"canonical\" href=\"https:\/\/www.coquelle.pro\/pl\/praca-w-coquelle\/\" \/>\n<meta property=\"og:locale\" content=\"pl_PL\" \/>\n<meta property=\"og:type\" content=\"article\" \/>\n<meta property=\"og:title\" content=\"Praca w Coquelle - Coquelle\" \/>\n<meta property=\"og:description\" content=\"Grupa Coquelle sk\u0142ada si\u0119 z kilku agencji wielko\u015bci cz\u0142owieka, kt\u00f3re zarz\u0105dzaj\u0105 \u015brednio 50 pojazdami, aby zapewni\u0107 s\u0142uchanie i blisko\u015b\u0107\" \/>\n<meta property=\"og:url\" content=\"https:\/\/www.coquelle.pro\/pl\/praca-w-coquelle\/\" \/>\n<meta property=\"og:site_name\" content=\"Coquelle\" \/>\n<meta property=\"article:modified_time\" content=\"2022-02-17T10:51:13+00:00\" \/>\n<meta name=\"twitter:card\" content=\"summary_large_image\" \/>\n<script type=\"application\/ld+json\" class=\"yoast-schema-graph\">{\"@context\":\"https:\/\/schema.org\",\"@graph\":[{\"@type\":\"WebPage\",\"@id\":\"https:\/\/www.coquelle.pro\/pl\/praca-w-coquelle\/\",\"url\":\"https:\/\/www.coquelle.pro\/pl\/praca-w-coquelle\/\",\"name\":\"Praca w Coquelle - Coquelle\",\"isPartOf\":{\"@id\":\"https:\/\/www.coquelle.pro\/#website\"},\"datePublished\":\"2021-11-25T14:28:49+00:00\",\"dateModified\":\"2022-02-17T10:51:13+00:00\",\"description\":\"Grupa Coquelle sk\u0142ada si\u0119 z kilku agencji wielko\u015bci cz\u0142owieka, kt\u00f3re zarz\u0105dzaj\u0105 \u015brednio 50 pojazdami, aby zapewni\u0107 s\u0142uchanie i blisko\u015b\u0107\",\"breadcrumb\":{\"@id\":\"https:\/\/www.coquelle.pro\/pl\/praca-w-coquelle\/#breadcrumb\"},\"inLanguage\":\"pl-PL\",\"potentialAction\":[{\"@type\":\"ReadAction\",\"target\":[\"https:\/\/www.coquelle.pro\/pl\/praca-w-coquelle\/\"]}]},{\"@type\":\"BreadcrumbList\",\"@id\":\"https:\/\/www.coquelle.pro\/pl\/praca-w-coquelle\/#breadcrumb\",\"itemListElement\":[{\"@type\":\"ListItem\",\"position\":1,\"name\":\"Home\",\"item\":\"https:\/\/www.coquelle.pro\/pl\/strona-glowna\/\"},{\"@type\":\"ListItem\",\"position\":2,\"name\":\"Praca w Coquelle\"}]},{\"@type\":\"WebSite\",\"@id\":\"https:\/\/www.coquelle.pro\/#website\",\"url\":\"https:\/\/www.coquelle.pro\/\",\"name\":\"Coquelle\",\"description\":\"\",\"potentialAction\":[{\"@type\":\"SearchAction\",\"target\":{\"@type\":\"EntryPoint\",\"urlTemplate\":\"https:\/\/www.coquelle.pro\/?s={search_term_string}\"},\"query-input\":\"required name=search_term_string\"}],\"inLanguage\":\"pl-PL\"}]}<\/script>\n<!-- \/ Yoast SEO plugin. -->","yoast_head_json":{"title":"Praca w Coquelle - Coquelle","description":"Grupa Coquelle sk\u0142ada si\u0119 z kilku agencji wielko\u015bci cz\u0142owieka, kt\u00f3re zarz\u0105dzaj\u0105 \u015brednio 50 pojazdami, aby zapewni\u0107 s\u0142uchanie i blisko\u015b\u0107","robots":{"index":"index","follow":"follow","max-snippet":"max-snippet:-1","max-image-preview":"max-image-preview:large","max-video-preview":"max-video-preview:-1"},"canonical":"https:\/\/www.coquelle.pro\/pl\/praca-w-coquelle\/","og_locale":"pl_PL","og_type":"article","og_title":"Praca w Coquelle - Coquelle","og_description":"Grupa Coquelle sk\u0142ada si\u0119 z kilku agencji wielko\u015bci cz\u0142owieka, kt\u00f3re zarz\u0105dzaj\u0105 \u015brednio 50 pojazdami, aby zapewni\u0107 s\u0142uchanie i blisko\u015b\u0107","og_url":"https:\/\/www.coquelle.pro\/pl\/praca-w-coquelle\/","og_site_name":"Coquelle","article_modified_time":"2022-02-17T10:51:13+00:00","twitter_card":"summary_large_image","schema":{"@context":"https:\/\/schema.org","@graph":[{"@type":"WebPage","@id":"https:\/\/www.coquelle.pro\/pl\/praca-w-coquelle\/","url":"https:\/\/www.coquelle.pro\/pl\/praca-w-coquelle\/","name":"Praca w Coquelle - Coquelle","isPartOf":{"@id":"https:\/\/www.coquelle.pro\/#website"},"datePublished":"2021-11-25T14:28:49+00:00","dateModified":"2022-02-17T10:51:13+00:00","description":"Grupa Coquelle sk\u0142ada si\u0119 z kilku agencji wielko\u015bci cz\u0142owieka, kt\u00f3re zarz\u0105dzaj\u0105 \u015brednio 50 pojazdami, aby zapewni\u0107 s\u0142uchanie i blisko\u015b\u0107","breadcrumb":{"@id":"https:\/\/www.coquelle.pro\/pl\/praca-w-coquelle\/#breadcrumb"},"inLanguage":"pl-PL","potentialAction":[{"@type":"ReadAction","target":["https:\/\/www.coquelle.pro\/pl\/praca-w-coquelle\/"]}]},{"@type":"BreadcrumbList","@id":"https:\/\/www.coquelle.pro\/pl\/praca-w-coquelle\/#breadcrumb","itemListElement":[{"@type":"ListItem","position":1,"name":"Home","item":"https:\/\/www.coquelle.pro\/pl\/strona-glowna\/"},{"@type":"ListItem","position":2,"name":"Praca w Coquelle"}]},{"@type":"WebSite","@id":"https:\/\/www.coquelle.pro\/#website","url":"https:\/\/www.coquelle.pro\/","name":"Coquelle","description":"","potentialAction":[{"@type":"SearchAction","target":{"@type":"EntryPoint","urlTemplate":"https:\/\/www.coquelle.pro\/?s={search_term_string}"},"query-input":"required name=search_term_string"}],"inLanguage":"pl-PL"}]}},"_links":{"self":[{"href":"https:\/\/www.coquelle.pro\/pl\/wp-json\/wp\/v2\/pages\/795"}],"collection":[{"href":"https:\/\/www.coquelle.pro\/pl\/wp-json\/wp\/v2\/pages"}],"about":[{"href":"https:\/\/www.coquelle.pro\/pl\/wp-json\/wp\/v2\/types\/page"}],"author":[{"embeddable":true,"href":"https:\/\/www.coquelle.pro\/pl\/wp-json\/wp\/v2\/users\/1"}],"replies":[{"embeddable":true,"href":"https:\/\/www.coquelle.pro\/pl\/wp-json\/wp\/v2\/comments?post=795"}],"version-history":[{"count":3,"href":"https:\/\/www.coquelle.pro\/pl\/wp-json\/wp\/v2\/pages\/795\/revisions"}],"predecessor-version":[{"id":1442,"href":"https:\/\/www.coquelle.pro\/pl\/wp-json\/wp\/v2\/pages\/795\/revisions\/1442"}],"wp:attachment":[{"href":"https:\/\/www.coquelle.pro\/pl\/wp-json\/wp\/v2\/media?parent=795"}],"wp:term":[{"taxonomy":"category","embeddable":true,"href":"https:\/\/www.coquelle.pro\/pl\/wp-json\/wp\/v2\/categories?post=795"}],"curies":[{"name":"wp","href":"https:\/\/api.w.org\/{rel}","templated":true}]}}